{"id":230,"date":"2026-01-12T16:22:57","date_gmt":"2026-01-12T16:22:57","guid":{"rendered":"https:\/\/www.condomedias.com\/start\/"},"modified":"2026-01-15T18:50:52","modified_gmt":"2026-01-15T18:50:52","slug":"start","status":"publish","type":"page","link":"https:\/\/www.condomedias.com\/en\/","title":{"rendered":"Start"},"content":{"rendered":"\n<h1 class=\"wp-block-heading has-text-align-center\">Reach the target group<br>safely<\/h1>\n\n\n\n<h2 class=\"wp-block-heading has-text-align-center\"><em>CONDOMEDIAS \u2013 Condoms as advertising media<\/em><\/h2>\n\n\n\n<div style=\"height:20px\" aria-hidden=\"true\" class=\"wp-block-spacer\"><\/div>\n\n\n\n<div class=\"wp-block-columns transparent is-layout-flex wp-container-core-columns-is-layout-9d6595d7 wp-block-columns-is-layout-flex\">\n<div class=\"wp-block-column is-vertically-aligned-top green-box is-layout-flow wp-block-column-is-layout-flow\" style=\"padding-top:var(--wp--preset--spacing--20);padding-bottom:var(--wp--preset--spacing--20)\">\n<p class=\"br-r has-background has-large-font-size\" style=\"background-color:#96c11f;padding-top:var(--wp--preset--spacing--70);padding-bottom:var(--wp--preset--spacing--70)\">Sustainably and fairly produced in your design<\/p>\n<\/div>\n\n\n\n<div class=\"wp-block-column fair-logos is-layout-flow wp-block-column-is-layout-flow\"><div class=\"wp-block-image\">\n<figure class=\"alignleft size-full is-resized\"><img loading=\"lazy\" decoding=\"async\" width=\"294\" height=\"317\" src=\"https:\/\/www.condomedias.com\/wp-content\/uploads\/2026\/01\/Logo_Fair_Rubber.png\" alt=\"Logo Fair Rubber\" class=\"wp-image-147\" style=\"width:150px\"\/><\/figure>\n<\/div>\n\n<div class=\"wp-block-image\">\n<figure class=\"alignleft size-full is-resized\"><img loading=\"lazy\" decoding=\"async\" width=\"311\" height=\"271\" src=\"https:\/\/www.condomedias.com\/wp-content\/uploads\/2026\/01\/Logo_Vegan.png\" alt=\"Logo Vegan\" class=\"wp-image-153\" style=\"width:150px\"\/><\/figure>\n<\/div><\/div>\n<\/div>\n\n\n\n<p class=\"has-text-align-center no-m has-white-color has-text-color has-background has-link-color has-x-large-font-size wp-elements-6512d219d62898dbdb88d95073c163e4\" style=\"background-color:#d3367f\">Condoms are no longer taboo and are the most in-demand contraceptive*<\/p>\n\n\n\n<figure class=\"wp-block-image size-large\"><img loading=\"lazy\" decoding=\"async\" width=\"2700\" height=\"1359\" src=\"https:\/\/www.condomedias.com\/wp-content\/uploads\/2026\/01\/Liebespaar_Wiese-2700x1359.jpg\" alt=\"Woman and man lie in a romantic pose on a meadow\" class=\"wp-image-107\" srcset=\"https:\/\/www.condomedias.com\/wp-content\/uploads\/2026\/01\/Liebespaar_Wiese-2700x1359.jpg 2700w, https:\/\/www.condomedias.com\/wp-content\/uploads\/2026\/01\/Liebespaar_Wiese-768x386.jpg 768w, https:\/\/www.condomedias.com\/wp-content\/uploads\/2026\/01\/Liebespaar_Wiese-1536x773.jpg 1536w, https:\/\/www.condomedias.com\/wp-content\/uploads\/2026\/01\/Liebespaar_Wiese-2048x1031.jpg 2048w\" sizes=\"auto, (max-width: 2700px) 100vw, 2700px\" \/><\/figure>\n\n\n\n<div style=\"height:25px\" aria-hidden=\"true\" class=\"wp-block-spacer\"><\/div>\n\n\n\n<div class=\"wp-block-columns v03 is-layout-flex wp-container-core-columns-is-layout-9d6595d7 wp-block-columns-is-layout-flex\">\n<div class=\"wp-block-column br-t-r green-box has-background is-layout-flow wp-block-column-is-layout-flow\" style=\"background-color:#96c11f;flex-basis:33.33%\">\n<p style=\"padding-right:var(--wp--preset--spacing--40);padding-left:var(--wp--preset--spacing--40)\"><strong>MADE FROM FAIRLY TRADED NATURAL RUBBER AND PRODUCED VEGAN. OUR MANUFACTURER RECEIVES A FAIR TRADE PREMIUM, WHICH IS USED EXCLUSIVELY TO IMPROVE THE LIVING AND WORKING CONDITIONS OF PLANTATION WORKERS AND THEIR FAMILIES.<\/strong><\/p>\n\n\n\n<p style=\"padding-right:var(--wp--preset--spacing--40);padding-left:var(--wp--preset--spacing--40)\"><strong><a href=\"https:\/\/fairrubber.org\/\" target=\"_blank\" rel=\"noreferrer noopener\">WWW.FAIRRUBBER.ORG<\/a><\/strong><\/p>\n<\/div>\n\n\n\n<div class=\"wp-block-column white is-layout-flow wp-block-column-is-layout-flow\" style=\"flex-basis:66.66%\">\n<ul class=\"wp-block-list\">\n<li>Condoms are no longer taboo and are the most in-demand contraceptive.*<\/li>\n\n\n\n<li>85% of people under 30 use contraception. Condoms are the most popular contraceptive in Germany.*<\/li>\n\n\n\n<li>Condoms are reliable, easy to use and have now been de-tabooed across all social groups.<\/li>\n\n\n\n<li>Promotional condoms are a classic advertising medium. They are used as giveaways and cost-effective<\/li>\n\n\n\n<li>promotional items at events, trade fairs, as inserts or even in the tourism sector.<\/li>\n\n\n\n<li>From 500 units with your individual design<\/li>\n\n\n\n<li>Can be used throughout the entire EU without legal restrictions<\/li>\n\n\n\n<li>Delivery within 8 working days (after print approval and depending on quantity)<\/li>\n<\/ul>\n\n\n\n<p class=\"has-text-align-left has-small-font-size\">* SOURCE: STUDIE VERH\u00dcTUNGSVERHALTEN BUNDESZENTRALE F\u00dcR GESUNDHEITLICHE AUFKL\u00c4RUNG <br>(ISBN 978-3-96896-054-8)<\/p>\n<\/div>\n<\/div>\n\n\n\n<div style=\"height:30px\" aria-hidden=\"true\" class=\"wp-block-spacer\"><\/div>\n\n\n\n<div class=\"wp-block-columns transparent is-layout-flex wp-container-core-columns-is-layout-9d6595d7 wp-block-columns-is-layout-flex\">\n<div class=\"wp-block-column is-layout-flow wp-block-column-is-layout-flow\" style=\"flex-basis:33.33%\"><\/div>\n\n\n\n<div class=\"wp-block-column is-layout-flow wp-block-column-is-layout-flow\" style=\"flex-basis:66.66%\">\n<p class=\"has-text-color has-link-color has-x-large-font-size wp-elements-367774ee794b8f70e39a8422d97c3f19\" style=\"color:#d3367f\">Reach at least two people<br>with a small budget.<\/p>\n<\/div>\n<\/div>\n\n\n\n<div style=\"height:30px\" aria-hidden=\"true\" class=\"wp-block-spacer\"><\/div>\n\n\n\n<div class=\"wp-block-columns transparent is-layout-flex wp-container-core-columns-is-layout-9d6595d7 wp-block-columns-is-layout-flex\">\n<div class=\"wp-block-column is-layout-flow wp-block-column-is-layout-flow\" style=\"flex-basis:33.33%\">\n<figure class=\"wp-block-image size-full\"><img loading=\"lazy\" decoding=\"async\" width=\"1535\" height=\"1174\" src=\"https:\/\/www.condomedias.com\/wp-content\/uploads\/2026\/01\/Fair_Squared_Kondome_Werbemittel.png\" alt=\"Condom promotional items\" class=\"wp-image-131\" srcset=\"https:\/\/www.condomedias.com\/wp-content\/uploads\/2026\/01\/Fair_Squared_Kondome_Werbemittel.png 1535w, https:\/\/www.condomedias.com\/wp-content\/uploads\/2026\/01\/Fair_Squared_Kondome_Werbemittel-768x587.png 768w\" sizes=\"auto, (max-width: 1535px) 100vw, 1535px\" \/><\/figure>\n<\/div>\n\n\n\n<div class=\"wp-block-column is-layout-flow wp-block-column-is-layout-flow\" style=\"flex-basis:66.66%\">\n<h3 class=\"wp-block-heading\">YOUR PACKAGING:<\/h3>\n\n\n\n<p>79 \u00d7 111 mm sleeves, individually customizable in 4c \u2013 offering plenty of space for your branding and\/or logo. Material: 300 g art paper or grass paper, with or without hot-foil embossing. From as little as 500 units, we can produce the sleeve packaging for you. Graphics can be created by us or by your design department using the provided template.<\/p>\n<\/div>\n<\/div>\n\n\n\n<div style=\"height:30px\" aria-hidden=\"true\" class=\"wp-block-spacer\"><\/div>\n\n\n\n<div class=\"wp-block-columns transparent is-layout-flex wp-container-core-columns-is-layout-9d6595d7 wp-block-columns-is-layout-flex\">\n<div class=\"wp-block-column is-layout-flow wp-block-column-is-layout-flow\" style=\"flex-basis:66.66%\">\n<h3 class=\"wp-block-heading\">OUR CONDOM:<\/h3>\n\n\n\n<p>Our \u201cFAIR SQUARED Ultra Thin\u201d condoms deliver exactly what their name promises \u2013 maximum sensitivity. With a wall thickness of just 0.055 mm, this condom truly lives up to its name. <\/p>\n\n\n\n<p>Features: Condom made from fair-trade natural rubber, lubricated, transparent, cylindrical shape with reservoir tip, minimum length 180 mm, vegan (produced without casein).<\/p>\n\n\n\n<p><br><\/p>\n<\/div>\n\n\n\n<div class=\"wp-block-column is-layout-flow wp-block-column-is-layout-flow\" style=\"flex-basis:33.33%\">\n<figure class=\"wp-block-image size-full\"><img loading=\"lazy\" decoding=\"async\" width=\"1398\" height=\"592\" src=\"https:\/\/www.condomedias.com\/wp-content\/uploads\/2026\/01\/Fair_Squared_Kondomverpackungen.png\" alt=\"Fair Squared condom packaging\" class=\"wp-image-137\" srcset=\"https:\/\/www.condomedias.com\/wp-content\/uploads\/2026\/01\/Fair_Squared_Kondomverpackungen.png 1398w, https:\/\/www.condomedias.com\/wp-content\/uploads\/2026\/01\/Fair_Squared_Kondomverpackungen-768x325.png 768w\" sizes=\"auto, (max-width: 1398px) 100vw, 1398px\" \/><\/figure>\n<\/div>\n<\/div>\n\n\n\n<div style=\"height:40px\" aria-hidden=\"true\" class=\"wp-block-spacer\"><\/div>\n\n\n\n<h3 class=\"wp-block-heading\">SAFETY:<\/h3>\n\n\n\n<p>Our FAIR SQUARED condoms are classified as medical devices Class 2B and undergo multiple tests and inspections by independent third parties. Each condom is individually electronically tested. In our Condomedia pack, there is also an instruction leaflet in 18 languages, covering all EU languages and beyond.<\/p>\n\n\n<div class=\"wp-block-image\">\n<figure class=\"aligncenter size-full\"><img loading=\"lazy\" decoding=\"async\" width=\"2341\" height=\"626\" src=\"https:\/\/www.condomedias.com\/wp-content\/uploads\/2026\/01\/Fair_Squared_Gebrauchsanweisung.png\" alt=\"Fair Squared Instructions for Use\" class=\"wp-image-125\" srcset=\"https:\/\/www.condomedias.com\/wp-content\/uploads\/2026\/01\/Fair_Squared_Gebrauchsanweisung.png 2341w, https:\/\/www.condomedias.com\/wp-content\/uploads\/2026\/01\/Fair_Squared_Gebrauchsanweisung-768x205.png 768w, https:\/\/www.condomedias.com\/wp-content\/uploads\/2026\/01\/Fair_Squared_Gebrauchsanweisung-1536x411.png 1536w, https:\/\/www.condomedias.com\/wp-content\/uploads\/2026\/01\/Fair_Squared_Gebrauchsanweisung-2048x548.png 2048w\" sizes=\"auto, (max-width: 2341px) 100vw, 2341px\" \/><\/figure>\n<\/div>\n\n\n<div style=\"height:40px\" aria-hidden=\"true\" class=\"wp-block-spacer\"><\/div>\n\n\n<div class=\"wp-block-image img-footer\">\n<figure class=\"aligncenter size-full\"><img loading=\"lazy\" decoding=\"async\" width=\"2000\" height=\"2268\" src=\"https:\/\/www.condomedias.com\/wp-content\/uploads\/2026\/01\/Condomedias_Kondome_Private_Label_2.jpg\" alt=\"The image, in pop art style, shows a kissing couple in vibrant colors, including Fair Squared condoms promotional material.\" class=\"wp-image-363\" srcset=\"https:\/\/www.condomedias.com\/wp-content\/uploads\/2026\/01\/Condomedias_Kondome_Private_Label_2.jpg 2000w, https:\/\/www.condomedias.com\/wp-content\/uploads\/2026\/01\/Condomedias_Kondome_Private_Label_2-677x768.jpg 677w, https:\/\/www.condomedias.com\/wp-content\/uploads\/2026\/01\/Condomedias_Kondome_Private_Label_2-768x871.jpg 768w, https:\/\/www.condomedias.com\/wp-content\/uploads\/2026\/01\/Condomedias_Kondome_Private_Label_2-1354x1536.jpg 1354w, https:\/\/www.condomedias.com\/wp-content\/uploads\/2026\/01\/Condomedias_Kondome_Private_Label_2-1806x2048.jpg 1806w\" sizes=\"auto, (max-width: 2000px) 100vw, 2000px\" \/><\/figure>\n<\/div>","protected":false},"excerpt":{"rendered":"<p>Reach the target groupsafely CONDOMEDIAS \u2013 Condoms as advertising media Sustainably and fairly produced in your design Condoms are no longer taboo and are the most in-demand contraceptive* MADE FROM FAIRLY TRADED NATURAL RUBBER AND PRODUCED VEGAN. OUR MANUFACTURER RECEIVES A FAIR TRADE PREMIUM, WHICH IS USED EXCLUSIVELY [&hellip;]<\/p>\n","protected":false},"author":2,"featured_media":0,"parent":0,"menu_order":1,"comment_status":"closed","ping_status":"closed","template":"","meta":{"_acf_changed":false,"footnotes":""},"class_list":["post-230","page","type-page","status-publish","hentry"],"acf":[],"_links":{"self":[{"href":"https:\/\/www.condomedias.com\/en\/wp-json\/wp\/v2\/pages\/230","targetHints":{"allow":["GET"]}}],"collection":[{"href":"https:\/\/www.condomedias.com\/en\/wp-json\/wp\/v2\/pages"}],"about":[{"href":"https:\/\/www.condomedias.com\/en\/wp-json\/wp\/v2\/types\/page"}],"author":[{"embeddable":true,"href":"https:\/\/www.condomedias.com\/en\/wp-json\/wp\/v2\/users\/2"}],"replies":[{"embeddable":true,"href":"https:\/\/www.condomedias.com\/en\/wp-json\/wp\/v2\/comments?post=230"}],"version-history":[{"count":0,"href":"https:\/\/www.condomedias.com\/en\/wp-json\/wp\/v2\/pages\/230\/revisions"}],"wp:attachment":[{"href":"https:\/\/www.condomedias.com\/en\/wp-json\/wp\/v2\/media?parent=230"}],"curies":[{"name":"wp","href":"https:\/\/api.w.org\/{rel}","templated":true}]}}